{"id":5,"date":"2014-11-11T11:09:47","date_gmt":"2014-11-11T11:09:47","guid":{"rendered":"http:\/\/anpsthemes.com\/constructo\/?page_id=5"},"modified":"2022-05-05T03:01:03","modified_gmt":"2022-05-05T00:01:03","slug":"home","status":"publish","type":"page","link":"https:\/\/www.feeltennisacademy.com\/","title":{"rendered":"Home"},"content":{"rendered":"<p>[vc_row has_content=&#8221;true&#8221;][vc_column][rev_slider_vc alias=&#8221;main-slider&#8221;][\/vc_column][\/vc_row][vc_row full_width=&#8221;stretch_row&#8221; disable_element=&#8221;yes&#8221; css=&#8221;.vc_custom_1650217489017{background-color: #132029 !important;}&#8221;][vc_column][vc_empty_space][vc_column_text][logoshowcase cat_id=&#8221;18&#8243;] [\/vc_column_text][vc_empty_space][\/vc_column][\/vc_row][vc_row full_width=&#8221;stretch_row&#8221; disable_element=&#8221;yes&#8221; css=&#8221;.vc_custom_1651708860678{background-color: #132029 !important;}&#8221;][vc_column width=&#8221;1\/3&#8243;][vc_empty_space][vc_single_image image=&#8221;939&#8243; img_size=&#8221;full&#8221; alignment=&#8221;center&#8221;][vc_column_text]<\/p>\n<h3 class=\"app-footer__part1__title\" style=\"text-align: center;\"><span style=\"color: #ffffff;\"><strong>HED\u0130YE KUTULARI<\/strong><\/span><\/h3>\n<p>[\/vc_column_text][vc_empty_space height=&#8221;12px&#8221;][vc_column_text]<\/p>\n<p style=\"text-align: center;\"><span style=\"color: #ffffff;\">Vadi Spor E\u011fitim Ruhu<\/span><\/p>\n<p>[\/vc_column_text][\/vc_column][vc_column width=&#8221;1\/3&#8243;][vc_empty_space][vc_empty_space height=&#8221;12px&#8221;][vc_single_image image=&#8221;938&#8243; img_size=&#8221;full&#8221; alignment=&#8221;center&#8221;][vc_column_text]<\/p>\n<h3 class=\"app-footer__part1__title\" style=\"text-align: center;\"><span style=\"color: #ffffff;\"><strong>HABER B\u00dcLTEN\u0130M\u0130ZE ABONE OL<\/strong><\/span><\/h3>\n<p>[\/vc_column_text][vc_empty_space height=&#8221;12px&#8221;][vc_column_text][\/vc_column_text][\/vc_column][vc_column width=&#8221;1\/3&#8243;][vc_empty_space][vc_single_image image=&#8221;940&#8243; img_size=&#8221;full&#8221; alignment=&#8221;center&#8221;][vc_column_text]<\/p>\n<h3 class=\"app-footer__part1__title\" style=\"text-align: center;\"><span style=\"color: #ffffff;\"><strong>BEN\u0130M UYGULAMAM<\/strong><\/span><\/h3>\n<p>[\/vc_column_text][vc_empty_space height=&#8221;12px&#8221;][vc_column_text]<\/p>\n<p style=\"text-align: center;\"><span style=\"color: #ffffff;\">Geli\u015finizi haz\u0131rlay\u0131n ve Android ve iOS&#8217;ta bulunan uygulamam\u0131zdaki hizmetlerimizden yararlan\u0131n<\/span><\/p>\n<p>[\/vc_column_text][\/vc_column][\/vc_row]<\/p>\n","protected":false},"excerpt":{"rendered":"<p>[vc_row has_content=&#8221;true&#8221;][vc_column][rev_slider_vc alias=&#8221;main-slider&#8221;][\/vc_column][\/vc_row][vc_row full_width=&#8221;stretch_row&#8221; disable_element=&#8221;yes&#8221; css=&#8221;.vc_custom_1650217489017{background-color: #132029 !important;}&#8221;][vc_column][vc_empty_space][vc_column_text][logoshowcase cat_id=&#8221;18&#8243;] [\/vc_column_text][vc_empty_space][\/vc_column][\/vc_row][vc_row full_width=&#8221;stretch_row&#8221; disable_element=&#8221;yes&#8221; css=&#8221;.vc_custom_1651708860678{background-color: #132029 !important;}&#8221;][vc_column width=&#8221;1\/3&#8243;][vc_empty_space][vc_single_image image=&#8221;939&#8243; img_size=&#8221;full&#8221; alignment=&#8221;center&#8221;][vc_column_text] HED\u0130YE KUTULARI [\/vc_column_text][vc_empty_space height=&#8221;12px&#8221;][vc_column_text] Vadi Spor E\u011fitim Ruhu [\/vc_column_text][\/vc_column][vc_column width=&#8221;1\/3&#8243;][vc_empty_space][vc_empty_space height=&#8221;12px&#8221;][vc_single_image image=&#8221;938&#8243; img_size=&#8221;full&#8221; alignment=&#8221;center&#8221;][vc_column_text] HABER B\u00dcLTEN\u0130M\u0130ZE ABONE OL [\/vc_column_text][vc_empty_space height=&#8221;12px&#8221;][vc_column_text][\/vc_column_text][\/vc_column][vc_column width=&#8221;1\/3&#8243;][vc_empty_space][vc_single_image&#8230;<\/p>\n","protected":false},"author":1,"featured_media":0,"parent":0,"menu_order":0,"comment_status":"open","ping_status":"open","template":"","meta":{"footnotes":""},"class_list":["post-5","page","type-page","status-publish","hentry"],"_links":{"self":[{"href":"https:\/\/www.feeltennisacademy.com\/index.php?rest_route=\/wp\/v2\/pages\/5","targetHints":{"allow":["GET"]}}],"collection":[{"href":"https:\/\/www.feeltennisacademy.com\/index.php?rest_route=\/wp\/v2\/pages"}],"about":[{"href":"https:\/\/www.feeltennisacademy.com\/index.php?rest_route=\/wp\/v2\/types\/page"}],"author":[{"embeddable":true,"href":"https:\/\/www.feeltennisacademy.com\/index.php?rest_route=\/wp\/v2\/users\/1"}],"replies":[{"embeddable":true,"href":"https:\/\/www.feeltennisacademy.com\/index.php?rest_route=%2Fwp%2Fv2%2Fcomments&post=5"}],"version-history":[{"count":42,"href":"https:\/\/www.feeltennisacademy.com\/index.php?rest_route=\/wp\/v2\/pages\/5\/revisions"}],"predecessor-version":[{"id":1215,"href":"https:\/\/www.feeltennisacademy.com\/index.php?rest_route=\/wp\/v2\/pages\/5\/revisions\/1215"}],"wp:attachment":[{"href":"https:\/\/www.feeltennisacademy.com\/index.php?rest_route=%2Fwp%2Fv2%2Fmedia&parent=5"}],"curies":[{"name":"wp","href":"https:\/\/api.w.org\/{rel}","templated":true}]}}