{"id":1280,"date":"2024-01-23T16:37:50","date_gmt":"2024-01-23T13:37:50","guid":{"rendered":"https:\/\/www.feeltennisacademy.com\/?page_id=1280"},"modified":"2024-01-23T16:37:50","modified_gmt":"2024-01-23T13:37:50","slug":"garanti-ve-iade-kosullari","status":"publish","type":"page","link":"https:\/\/www.feeltennisacademy.com\/?page_id=1280","title":{"rendered":"Garanti ve \u0130ade Ko\u015fullar\u0131"},"content":{"rendered":"<p><strong><b>Garanti Ko\u015fullar\u0131<\/b><\/strong><strong><b><br \/>\n<\/b><\/strong>T\u00fcm \u00fcr\u00fcnler aksi belirtilmedi\u011fi takdirde \u00fcretici firman\u0131n garantisi alt\u0131ndad\u0131r. Garanti ko\u015fullar\u0131n\u0131n ge\u00e7erli olabilmesi i\u00e7in kargo teslimat\u0131 esnas\u0131nda \u00fcr\u00fcn\u00fc mutlaka kontrol ediniz. Herhangi bir hasar g\u00f6rd\u00fc\u011f\u00fcn\u00fczde tutanak tutturarak \u00fcr\u00fcn\u00fc teslim almay\u0131n\u0131z. \u00dcr\u00fcn \u00fczerinde yap\u0131lan de\u011fi\u015fiklikler,\u00fcr\u00fcn\u00fcn deforme olmas\u0131 ya da \u00fcr\u00fcn\u00fcn orijinal dizayn\u0131n\u0131n bozulmas\u0131 garanti kapsam\u0131 d\u0131\u015f\u0131ndad\u0131r.<\/p>\n<p><strong><b>\u00dcr\u00fcn \u0130ade Ko\u015fullar\u0131<\/b><\/strong><strong><b><br \/>\n<\/b><\/strong>Sitemiz \u00fczerinden sat\u0131n ald\u0131\u011f\u0131n\u0131z \u00fcr\u00fcn\u00fcn hatal\u0131 \u00e7\u0131kmas\u0131 durumunda \u00fcr\u00fcn iade al\u0131n\u0131r. \u0130adelerde kargo al\u0131c\u0131ya aittir. \u00a0\u00dcr\u00fcn iadesi ve de\u011fi\u015ftirme \u015fartlar\u0131 olarak, 4077 say\u0131l\u0131 T\u00fcketicinin Korunmas\u0131 Hakk\u0131nda Kanun gere\u011fi uygulamalar esast\u0131r.<\/p>\n<p>&nbsp;<\/p>","protected":false},"excerpt":{"rendered":"<p>Garanti Ko\u015fullar\u0131 T\u00fcm \u00fcr\u00fcnler aksi belirtilmedi\u011fi takdirde \u00fcretici firman\u0131n garantisi alt\u0131ndad\u0131r. Garanti ko\u015fullar\u0131n\u0131n ge\u00e7erli olabilmesi i\u00e7in kargo teslimat\u0131 esnas\u0131nda \u00fcr\u00fcn\u00fc mutlaka kontrol ediniz. Herhangi bir hasar g\u00f6rd\u00fc\u011f\u00fcn\u00fczde tutanak tutturarak \u00fcr\u00fcn\u00fc teslim almay\u0131n\u0131z. \u00dcr\u00fcn \u00fczerinde yap\u0131lan de\u011fi\u015fiklikler,\u00fcr\u00fcn\u00fcn deforme olmas\u0131 ya da&#8230;<\/p>\n","protected":false},"author":1,"featured_media":0,"parent":0,"menu_order":0,"comment_status":"closed","ping_status":"closed","template":"","meta":{"footnotes":""},"class_list":["post-1280","page","type-page","status-publish","hentry"],"_links":{"self":[{"href":"https:\/\/www.feeltennisacademy.com\/index.php?rest_route=\/wp\/v2\/pages\/1280","targetHints":{"allow":["GET"]}}],"collection":[{"href":"https:\/\/www.feeltennisacademy.com\/index.php?rest_route=\/wp\/v2\/pages"}],"about":[{"href":"https:\/\/www.feeltennisacademy.com\/index.php?rest_route=\/wp\/v2\/types\/page"}],"author":[{"embeddable":true,"href":"https:\/\/www.feeltennisacademy.com\/index.php?rest_route=\/wp\/v2\/users\/1"}],"replies":[{"embeddable":true,"href":"https:\/\/www.feeltennisacademy.com\/index.php?rest_route=%2Fwp%2Fv2%2Fcomments&post=1280"}],"version-history":[{"count":1,"href":"https:\/\/www.feeltennisacademy.com\/index.php?rest_route=\/wp\/v2\/pages\/1280\/revisions"}],"predecessor-version":[{"id":1288,"href":"https:\/\/www.feeltennisacademy.com\/index.php?rest_route=\/wp\/v2\/pages\/1280\/revisions\/1288"}],"wp:attachment":[{"href":"https:\/\/www.feeltennisacademy.com\/index.php?rest_route=%2Fwp%2Fv2%2Fmedia&parent=1280"}],"curies":[{"name":"wp","href":"https:\/\/api.w.org\/{rel}","templated":true}]}}