{"id":1110,"date":"2022-04-17T17:54:06","date_gmt":"2022-04-17T14:54:06","guid":{"rendered":"https:\/\/www.feeltennisacademy.com\/?page_id=1110"},"modified":"2022-05-12T19:46:11","modified_gmt":"2022-05-12T16:46:11","slug":"uyelik","status":"publish","type":"page","link":"https:\/\/www.feeltennisacademy.com\/?page_id=1110","title":{"rendered":"\u00dcYEL\u0130K"},"content":{"rendered":"<p>[vc_row full_width=&#8221;stretch_row&#8221; css=&#8221;.vc_custom_1643889057554{background-color: #0c1a23 !important;}&#8221;][vc_column width=&#8221;1\/2&#8243;][vc_empty_space height=&#8221;100px&#8221;][vc_single_image image=&#8221;1146&#8243; img_size=&#8221;full&#8221; alignment=&#8221;center&#8221;][vc_empty_space height=&#8221;100px&#8221;][\/vc_column][vc_column width=&#8221;1\/2&#8243;][vc_empty_space height=&#8221;100px&#8221;][vc_column_text]<\/p>\n<h1><span style=\"color: #ffffff;\"><strong>\u00dcYEL\u0130K<\/strong><\/span><\/h1>\n<p><span style=\"color: #ffffff;\">Tesisimizde kort kiralaman\u0131n yan\u0131 s\u0131ra, tenis severlerin birbirleriyle d\u00fczenli ve daha uygun \u015fartlarda tenis oynayabilmeleri i\u00e7in 1-3-6 ay ve 1 y\u0131ll\u0131k \u00fcyelik paket se\u00e7eneklerimiz mevcuttur.<\/span><\/p>\n<p>[\/vc_column_text][vc_empty_space height=&#8221;12px&#8221;][vc_btn title=&#8221;\u0130LET\u0130\u015e\u0130ME GE\u00c7&#8221; color=&#8221;green&#8221; align=&#8221;left&#8221; link=&#8221;url:https%3A%2F%2Fapi.whatsapp.com%2Fsend%2F%3Fphone%3D905426313474%26text%26app_absent%3D0|target:_blank&#8221;][vc_empty_space height=&#8221;100px&#8221;][\/vc_column][\/vc_row]<\/p>","protected":false},"excerpt":{"rendered":"<p>[vc_row full_width=&#8221;stretch_row&#8221; css=&#8221;.vc_custom_1643889057554{background-color: #0c1a23 !important;}&#8221;][vc_column width=&#8221;1\/2&#8243;][vc_empty_space height=&#8221;100px&#8221;][vc_single_image image=&#8221;1146&#8243; img_size=&#8221;full&#8221; alignment=&#8221;center&#8221;][vc_empty_space height=&#8221;100px&#8221;][\/vc_column][vc_column width=&#8221;1\/2&#8243;][vc_empty_space height=&#8221;100px&#8221;][vc_column_text] \u00dcYEL\u0130K Tesisimizde kort kiralaman\u0131n yan\u0131 s\u0131ra, tenis severlerin birbirleriyle d\u00fczenli ve daha uygun \u015fartlarda tenis oynayabilmeleri i\u00e7in 1-3-6 ay ve 1 y\u0131ll\u0131k \u00fcyelik paket se\u00e7eneklerimiz mevcuttur. [\/vc_column_text][vc_empty_space&#8230;<\/p>\n","protected":false},"author":1,"featured_media":0,"parent":0,"menu_order":0,"comment_status":"closed","ping_status":"closed","template":"","meta":{"footnotes":""},"class_list":["post-1110","page","type-page","status-publish","hentry"],"_links":{"self":[{"href":"https:\/\/www.feeltennisacademy.com\/index.php?rest_route=\/wp\/v2\/pages\/1110","targetHints":{"allow":["GET"]}}],"collection":[{"href":"https:\/\/www.feeltennisacademy.com\/index.php?rest_route=\/wp\/v2\/pages"}],"about":[{"href":"https:\/\/www.feeltennisacademy.com\/index.php?rest_route=\/wp\/v2\/types\/page"}],"author":[{"embeddable":true,"href":"https:\/\/www.feeltennisacademy.com\/index.php?rest_route=\/wp\/v2\/users\/1"}],"replies":[{"embeddable":true,"href":"https:\/\/www.feeltennisacademy.com\/index.php?rest_route=%2Fwp%2Fv2%2Fcomments&post=1110"}],"version-history":[{"count":8,"href":"https:\/\/www.feeltennisacademy.com\/index.php?rest_route=\/wp\/v2\/pages\/1110\/revisions"}],"predecessor-version":[{"id":1268,"href":"https:\/\/www.feeltennisacademy.com\/index.php?rest_route=\/wp\/v2\/pages\/1110\/revisions\/1268"}],"wp:attachment":[{"href":"https:\/\/www.feeltennisacademy.com\/index.php?rest_route=%2Fwp%2Fv2%2Fmedia&parent=1110"}],"curies":[{"name":"wp","href":"https:\/\/api.w.org\/{rel}","templated":true}]}}