{"id":1107,"date":"2022-04-17T17:52:03","date_gmt":"2022-04-17T14:52:03","guid":{"rendered":"https:\/\/www.feeltennisacademy.com\/?page_id=1107"},"modified":"2022-05-11T01:36:51","modified_gmt":"2022-05-10T22:36:51","slug":"yetiskin-gruplari","status":"publish","type":"page","link":"https:\/\/www.feeltennisacademy.com\/?page_id=1107","title":{"rendered":"YET\u0130\u015eK\u0130N GRUPLARI"},"content":{"rendered":"<p>[vc_row full_width=&#8221;stretch_row&#8221; css=&#8221;.vc_custom_1643889057554{background-color: #0c1a23 !important;}&#8221;][vc_column width=&#8221;1\/2&#8243;][vc_empty_space height=&#8221;100px&#8221;][vc_single_image image=&#8221;1138&#8243; img_size=&#8221;full&#8221; alignment=&#8221;center&#8221;][vc_empty_space height=&#8221;100px&#8221;][\/vc_column][vc_column width=&#8221;1\/2&#8243;][vc_empty_space height=&#8221;100px&#8221;][vc_column_text]<\/p>\n<h1><strong><span style=\"color: #ffffff;\">YET\u0130\u015eK\u0130N GRUPLARI<\/span> <\/strong><\/h1>\n<p><span style=\"color: #ffffff;\">Her seviyede yeti\u015fkin oyuncular i\u00e7in, e\u011fitmenlerimiz taraf\u0131ndan teknik-taktik ve kondisyon antrenmanlar\u0131n\u0131 kapsayan programd\u0131r.<\/span><\/p>\n<p>[\/vc_column_text][vc_empty_space height=&#8221;12px&#8221;][vc_btn title=&#8221;\u0130LET\u0130\u015e\u0130ME GE\u00c7&#8221; color=&#8221;green&#8221; align=&#8221;left&#8221; link=&#8221;url:https%3A%2F%2Fapi.whatsapp.com%2Fsend%2F%3Fphone%3D905426313474%26text%26app_absent%3D0|target:_blank&#8221;][vc_empty_space height=&#8221;100px&#8221;][\/vc_column][\/vc_row]<\/p>","protected":false},"excerpt":{"rendered":"<p>[vc_row full_width=&#8221;stretch_row&#8221; css=&#8221;.vc_custom_1643889057554{background-color: #0c1a23 !important;}&#8221;][vc_column width=&#8221;1\/2&#8243;][vc_empty_space height=&#8221;100px&#8221;][vc_single_image image=&#8221;1138&#8243; img_size=&#8221;full&#8221; alignment=&#8221;center&#8221;][vc_empty_space height=&#8221;100px&#8221;][\/vc_column][vc_column width=&#8221;1\/2&#8243;][vc_empty_space height=&#8221;100px&#8221;][vc_column_text] YET\u0130\u015eK\u0130N GRUPLARI Her seviyede yeti\u015fkin oyuncular i\u00e7in, e\u011fitmenlerimiz taraf\u0131ndan teknik-taktik ve kondisyon antrenmanlar\u0131n\u0131 kapsayan programd\u0131r. [\/vc_column_text][vc_empty_space height=&#8221;12px&#8221;][vc_btn title=&#8221;\u0130LET\u0130\u015e\u0130ME GE\u00c7&#8221; color=&#8221;green&#8221; align=&#8221;left&#8221; link=&#8221;url:https%3A%2F%2Fapi.whatsapp.com%2Fsend%2F%3Fphone%3D905426313474%26text%26app_absent%3D0|target:_blank&#8221;][vc_empty_space height=&#8221;100px&#8221;][\/vc_column][\/vc_row]<\/p>\n","protected":false},"author":1,"featured_media":0,"parent":0,"menu_order":0,"comment_status":"closed","ping_status":"closed","template":"","meta":{"footnotes":""},"class_list":["post-1107","page","type-page","status-publish","hentry"],"_links":{"self":[{"href":"https:\/\/www.feeltennisacademy.com\/index.php?rest_route=\/wp\/v2\/pages\/1107","targetHints":{"allow":["GET"]}}],"collection":[{"href":"https:\/\/www.feeltennisacademy.com\/index.php?rest_route=\/wp\/v2\/pages"}],"about":[{"href":"https:\/\/www.feeltennisacademy.com\/index.php?rest_route=\/wp\/v2\/types\/page"}],"author":[{"embeddable":true,"href":"https:\/\/www.feeltennisacademy.com\/index.php?rest_route=\/wp\/v2\/users\/1"}],"replies":[{"embeddable":true,"href":"https:\/\/www.feeltennisacademy.com\/index.php?rest_route=%2Fwp%2Fv2%2Fcomments&post=1107"}],"version-history":[{"count":6,"href":"https:\/\/www.feeltennisacademy.com\/index.php?rest_route=\/wp\/v2\/pages\/1107\/revisions"}],"predecessor-version":[{"id":1244,"href":"https:\/\/www.feeltennisacademy.com\/index.php?rest_route=\/wp\/v2\/pages\/1107\/revisions\/1244"}],"wp:attachment":[{"href":"https:\/\/www.feeltennisacademy.com\/index.php?rest_route=%2Fwp%2Fv2%2Fmedia&parent=1107"}],"curies":[{"name":"wp","href":"https:\/\/api.w.org\/{rel}","templated":true}]}}