{"id":1105,"date":"2022-04-17T17:48:54","date_gmt":"2022-04-17T14:48:54","guid":{"rendered":"https:\/\/www.feeltennisacademy.com\/?page_id=1105"},"modified":"2022-05-11T01:37:09","modified_gmt":"2022-05-10T22:37:09","slug":"cocuk-gruplari","status":"publish","type":"page","link":"https:\/\/www.feeltennisacademy.com\/?page_id=1105","title":{"rendered":"\u00c7OCUK GRUPLARI"},"content":{"rendered":"<p>[vc_row full_width=&#8221;stretch_row&#8221; css=&#8221;.vc_custom_1643889057554{background-color: #0c1a23 !important;}&#8221;][vc_column width=&#8221;1\/2&#8243;][vc_empty_space height=&#8221;100px&#8221;][vc_single_image image=&#8221;1139&#8243; img_size=&#8221;full&#8221; alignment=&#8221;center&#8221;][vc_empty_space height=&#8221;100px&#8221;][\/vc_column][vc_column width=&#8221;1\/2&#8243;][vc_empty_space height=&#8221;100px&#8221;][vc_column_text]<\/p>\n<h1><strong><span style=\"color: #ffffff;\">\u00c7OCUK GRUPLARI<\/span> <\/strong><\/h1>\n<p><span style=\"color: #ffffff;\">4-16 Ya\u015f aral\u0131\u011f\u0131ndaki \u00e7ocuklara beceri, koordinasyon geli\u015fimi sa\u011flamak, tenisi sevdirerek ve \u00f6\u011freterek, akademimize oyuncu kazand\u0131rmak amac\u0131yla d\u00fczenlenen e\u011fitim program\u0131d\u0131r. Okul d\u00f6nemiyle ba\u015flayan program\u0131m\u0131z 1 Eyl\u00fcl-1 Haziran tarihleri aras\u0131nda hizmet vermektedir.<\/span><\/p>\n<p><span style=\"color: #ffffff;\">Ba\u015far\u0131l\u0131 olan \u00e7ocuklar, e\u011fitmenlerimiz g\u00f6zetiminde altyap\u0131ya ge\u00e7i\u015f yapmaktad\u0131r.<\/span>[\/vc_column_text][vc_empty_space height=&#8221;12px&#8221;][vc_btn title=&#8221;\u0130LET\u0130\u015e\u0130ME GE\u00c7&#8221; color=&#8221;green&#8221; align=&#8221;left&#8221; link=&#8221;url:https%3A%2F%2Fapi.whatsapp.com%2Fsend%2F%3Fphone%3D905426313474%26text%26app_absent%3D0|target:_blank&#8221;][vc_empty_space height=&#8221;100px&#8221;][\/vc_column][\/vc_row]<\/p>","protected":false},"excerpt":{"rendered":"<p>[vc_row full_width=&#8221;stretch_row&#8221; css=&#8221;.vc_custom_1643889057554{background-color: #0c1a23 !important;}&#8221;][vc_column width=&#8221;1\/2&#8243;][vc_empty_space height=&#8221;100px&#8221;][vc_single_image image=&#8221;1139&#8243; img_size=&#8221;full&#8221; alignment=&#8221;center&#8221;][vc_empty_space height=&#8221;100px&#8221;][\/vc_column][vc_column width=&#8221;1\/2&#8243;][vc_empty_space height=&#8221;100px&#8221;][vc_column_text] \u00c7OCUK GRUPLARI 4-16 Ya\u015f aral\u0131\u011f\u0131ndaki \u00e7ocuklara beceri, koordinasyon geli\u015fimi sa\u011flamak, tenisi sevdirerek ve \u00f6\u011freterek, akademimize oyuncu kazand\u0131rmak amac\u0131yla d\u00fczenlenen e\u011fitim program\u0131d\u0131r. Okul d\u00f6nemiyle ba\u015flayan program\u0131m\u0131z 1 Eyl\u00fcl-1&#8230;<\/p>\n","protected":false},"author":1,"featured_media":0,"parent":0,"menu_order":0,"comment_status":"closed","ping_status":"closed","template":"","meta":{"footnotes":""},"class_list":["post-1105","page","type-page","status-publish","hentry"],"_links":{"self":[{"href":"https:\/\/www.feeltennisacademy.com\/index.php?rest_route=\/wp\/v2\/pages\/1105","targetHints":{"allow":["GET"]}}],"collection":[{"href":"https:\/\/www.feeltennisacademy.com\/index.php?rest_route=\/wp\/v2\/pages"}],"about":[{"href":"https:\/\/www.feeltennisacademy.com\/index.php?rest_route=\/wp\/v2\/types\/page"}],"author":[{"embeddable":true,"href":"https:\/\/www.feeltennisacademy.com\/index.php?rest_route=\/wp\/v2\/users\/1"}],"replies":[{"embeddable":true,"href":"https:\/\/www.feeltennisacademy.com\/index.php?rest_route=%2Fwp%2Fv2%2Fcomments&post=1105"}],"version-history":[{"count":7,"href":"https:\/\/www.feeltennisacademy.com\/index.php?rest_route=\/wp\/v2\/pages\/1105\/revisions"}],"predecessor-version":[{"id":1246,"href":"https:\/\/www.feeltennisacademy.com\/index.php?rest_route=\/wp\/v2\/pages\/1105\/revisions\/1246"}],"wp:attachment":[{"href":"https:\/\/www.feeltennisacademy.com\/index.php?rest_route=%2Fwp%2Fv2%2Fmedia&parent=1105"}],"curies":[{"name":"wp","href":"https:\/\/api.w.org\/{rel}","templated":true}]}}